{"id":1516,"date":"2020-02-26T14:38:37","date_gmt":"2020-02-26T13:38:37","guid":{"rendered":"https:\/\/kmetija-kolar.si\/unterkunfte\/studio-kolovrat\/"},"modified":"2022-08-30T21:05:19","modified_gmt":"2022-08-30T19:05:19","slug":"studio-kolovrat","status":"publish","type":"page","link":"https:\/\/kmetija-kolar.si\/de\/unterkunfte\/studio-kolovrat\/","title":{"rendered":"Studio Kolovrat"},"content":{"rendered":"<p><div class=\"fusion-fullwidth fullwidth-box fusion-builder-row-1 nonhundred-percent-fullwidth non-hundred-percent-height-scrolling\" style=\"--awb-border-radius-top-left:0px;--awb-border-radius-top-right:0px;--awb-border-radius-bottom-right:0px;--awb-border-radius-bottom-left:0px;--awb-flex-wrap:wrap;\" ><div class=\"fusion-builder-row fusion-row\"><div class=\"fusion-layout-column fusion_builder_column fusion-builder-column-0 fusion_builder_column_3_5 3_5 fusion-three-fifth fusion-column-first\" style=\"--awb-bg-size:cover;--awb-margin-top:0px;--awb-margin-bottom:0px;width:58.4%; margin-right: 4%;\"><div class=\"fusion-column-wrapper fusion-flex-column-wrapper-legacy\"><div class=\"fusion-text fusion-text-1\"><p>Die Gr\u00f6\u00dfe des Studios mit dem Blick auf den Garten und die Schanzen ist 20 m\u00b2. Im Studio befindet sich ein gro\u00dfes Doppelbett.<\/p>\n<\/div><div class=\"awb-gallery-wrapper awb-gallery-wrapper-1 button-span-no\"><div style=\"margin:-5px;--awb-bordersize:0px;\" class=\"fusion-gallery fusion-gallery-container fusion-grid-1 fusion-columns-total-5 fusion-gallery-layout-masonry fusion-gallery-1\"><div class=\"fusion-grid-column fusion-gallery-column fusion-gallery-column-1 hover-type-none fusion-grid-sizer\"><\/div><div style=\"padding:5px;\" class=\"fusion-grid-column fusion-gallery-column fusion-gallery-column-1 hover-type-none fusion-element-landscape\"><div class=\"fusion-gallery-image\"><a href=\"https:\/\/kmetija-kolar.si\/wp-content\/uploads\/2020\/03\/turisticna-kmetija-kolar-ljubno-apartmaji-studio-kolovrat-foto-tomo-jesenicnik-01.jpg\" data-title=\"turisticna-kmetija-kolar-ljubno-apartmaji-studio-kolovrat-foto-tomo-jesenicnik-01\" title=\"turisticna-kmetija-kolar-ljubno-apartmaji-studio-kolovrat-foto-tomo-jesenicnik-01\" rel=\"noreferrer\" data-rel=\"iLightbox[gallery_image_1]\" class=\"fusion-lightbox\" target=\"_self\"><div style=\"padding-top:calc((100% + 10px) * 0.4 - 5px);background-position:;\" class=\"fusion-masonry-element-container lazyload\" data-bg=\"https:\/\/kmetija-kolar.si\/wp-content\/uploads\/2020\/03\/turisticna-kmetija-kolar-ljubno-apartmaji-studio-kolovrat-foto-tomo-jesenicnik-01.jpg\"><img decoding=\"async\" src=\"https:\/\/kmetija-kolar.si\/wp-content\/uploads\/2020\/03\/turisticna-kmetija-kolar-ljubno-apartmaji-studio-kolovrat-foto-tomo-jesenicnik-01.jpg\" data-orig-src=\"https:\/\/kmetija-kolar.si\/wp-content\/uploads\/2020\/03\/turisticna-kmetija-kolar-ljubno-apartmaji-studio-kolovrat-foto-tomo-jesenicnik-01.jpg\" width=\"1200\" height=\"798\" alt=\"Turisti\u010dna kmetija Kolar, Ljubno - Studio Kolovrat - foto: Tomo Jeseni\u010dnik\" title=\"turisticna-kmetija-kolar-ljubno-apartmaji-studio-kolovrat-foto-tomo-jesenicnik-01\" aria-label=\"turisticna-kmetija-kolar-ljubno-apartmaji-studio-kolovrat-foto-tomo-jesenicnik-01\" class=\"lazyload img-responsive wp-image-1669\" srcset=\"data:image\/svg+xml,%3Csvg%20xmlns%3D%27http%3A%2F%2Fwww.w3.org%2F2000%2Fsvg%27%20width%3D%271200%27%20height%3D%27798%27%20viewBox%3D%270%200%201200%20798%27%3E%3Crect%20width%3D%271200%27%20height%3D%27798%27%20fill-opacity%3D%220%22%2F%3E%3C%2Fsvg%3E\" data-srcset=\"https:\/\/kmetija-kolar.si\/wp-content\/uploads\/2020\/03\/turisticna-kmetija-kolar-ljubno-apartmaji-studio-kolovrat-foto-tomo-jesenicnik-01-200x133.jpg 200w, https:\/\/kmetija-kolar.si\/wp-content\/uploads\/2020\/03\/turisticna-kmetija-kolar-ljubno-apartmaji-studio-kolovrat-foto-tomo-jesenicnik-01-400x266.jpg 400w, https:\/\/kmetija-kolar.si\/wp-content\/uploads\/2020\/03\/turisticna-kmetija-kolar-ljubno-apartmaji-studio-kolovrat-foto-tomo-jesenicnik-01-600x399.jpg 600w, https:\/\/kmetija-kolar.si\/wp-content\/uploads\/2020\/03\/turisticna-kmetija-kolar-ljubno-apartmaji-studio-kolovrat-foto-tomo-jesenicnik-01-800x532.jpg 800w, https:\/\/kmetija-kolar.si\/wp-content\/uploads\/2020\/03\/turisticna-kmetija-kolar-ljubno-apartmaji-studio-kolovrat-foto-tomo-jesenicnik-01.jpg 1200w\" data-sizes=\"auto\" data-orig-sizes=\"(min-width: 2200px) 100vw, (min-width: 640px) 1170px, \" \/><\/div><\/a><\/div><\/div><div style=\"padding:5px;\" class=\"fusion-grid-column fusion-gallery-column fusion-gallery-column-1 hover-type-none fusion-element-landscape\"><div class=\"fusion-gallery-image\"><a href=\"https:\/\/kmetija-kolar.si\/wp-content\/uploads\/2020\/03\/turisticna-kmetija-kolar-ljubno-apartmaji-studio-kolovrat-foto-tomo-jesenicnik-05.jpg\" data-title=\"turisticna-kmetija-kolar-ljubno-apartmaji-studio-kolovrat-foto-tomo-jesenicnik-05\" title=\"turisticna-kmetija-kolar-ljubno-apartmaji-studio-kolovrat-foto-tomo-jesenicnik-05\" rel=\"noreferrer\" data-rel=\"iLightbox[gallery_image_1]\" class=\"fusion-lightbox\" target=\"_self\"><div style=\"padding-top:calc((100% + 10px) * 0.4 - 5px);background-position:;\" class=\"fusion-masonry-element-container lazyload\" data-bg=\"https:\/\/kmetija-kolar.si\/wp-content\/uploads\/2020\/03\/turisticna-kmetija-kolar-ljubno-apartmaji-studio-kolovrat-foto-tomo-jesenicnik-05.jpg\"><img decoding=\"async\" src=\"https:\/\/kmetija-kolar.si\/wp-content\/uploads\/2020\/03\/turisticna-kmetija-kolar-ljubno-apartmaji-studio-kolovrat-foto-tomo-jesenicnik-05.jpg\" data-orig-src=\"https:\/\/kmetija-kolar.si\/wp-content\/uploads\/2020\/03\/turisticna-kmetija-kolar-ljubno-apartmaji-studio-kolovrat-foto-tomo-jesenicnik-05.jpg\" width=\"1200\" height=\"798\" alt=\"Turisti\u010dna kmetija Kolar, Ljubno - Studio Kolovrat - foto: Tomo Jeseni\u010dnik\" title=\"turisticna-kmetija-kolar-ljubno-apartmaji-studio-kolovrat-foto-tomo-jesenicnik-05\" aria-label=\"turisticna-kmetija-kolar-ljubno-apartmaji-studio-kolovrat-foto-tomo-jesenicnik-05\" class=\"lazyload img-responsive wp-image-1685\" srcset=\"data:image\/svg+xml,%3Csvg%20xmlns%3D%27http%3A%2F%2Fwww.w3.org%2F2000%2Fsvg%27%20width%3D%271200%27%20height%3D%27798%27%20viewBox%3D%270%200%201200%20798%27%3E%3Crect%20width%3D%271200%27%20height%3D%27798%27%20fill-opacity%3D%220%22%2F%3E%3C%2Fsvg%3E\" data-srcset=\"https:\/\/kmetija-kolar.si\/wp-content\/uploads\/2020\/03\/turisticna-kmetija-kolar-ljubno-apartmaji-studio-kolovrat-foto-tomo-jesenicnik-05-200x133.jpg 200w, https:\/\/kmetija-kolar.si\/wp-content\/uploads\/2020\/03\/turisticna-kmetija-kolar-ljubno-apartmaji-studio-kolovrat-foto-tomo-jesenicnik-05-400x266.jpg 400w, https:\/\/kmetija-kolar.si\/wp-content\/uploads\/2020\/03\/turisticna-kmetija-kolar-ljubno-apartmaji-studio-kolovrat-foto-tomo-jesenicnik-05-600x399.jpg 600w, https:\/\/kmetija-kolar.si\/wp-content\/uploads\/2020\/03\/turisticna-kmetija-kolar-ljubno-apartmaji-studio-kolovrat-foto-tomo-jesenicnik-05-800x532.jpg 800w, https:\/\/kmetija-kolar.si\/wp-content\/uploads\/2020\/03\/turisticna-kmetija-kolar-ljubno-apartmaji-studio-kolovrat-foto-tomo-jesenicnik-05.jpg 1200w\" data-sizes=\"auto\" data-orig-sizes=\"(min-width: 2200px) 100vw, (min-width: 640px) 1170px, \" \/><\/div><\/a><\/div><\/div><div style=\"padding:5px;\" class=\"fusion-grid-column fusion-gallery-column fusion-gallery-column-1 hover-type-none fusion-element-landscape\"><div class=\"fusion-gallery-image\"><a href=\"https:\/\/kmetija-kolar.si\/wp-content\/uploads\/2020\/03\/turisticna-kmetija-kolar-ljubno-apartmaji-studio-kolovrat-foto-tomo-jesenicnik-04.jpg\" data-title=\"turisticna-kmetija-kolar-ljubno-apartmaji-studio-kolovrat-foto-tomo-jesenicnik-04\" title=\"turisticna-kmetija-kolar-ljubno-apartmaji-studio-kolovrat-foto-tomo-jesenicnik-04\" rel=\"noreferrer\" data-rel=\"iLightbox[gallery_image_1]\" class=\"fusion-lightbox\" target=\"_self\"><div style=\"padding-top:calc((100% + 10px) * 0.4 - 5px);background-position:;\" class=\"fusion-masonry-element-container lazyload\" data-bg=\"https:\/\/kmetija-kolar.si\/wp-content\/uploads\/2020\/03\/turisticna-kmetija-kolar-ljubno-apartmaji-studio-kolovrat-foto-tomo-jesenicnik-04.jpg\"><img decoding=\"async\" src=\"https:\/\/kmetija-kolar.si\/wp-content\/uploads\/2020\/03\/turisticna-kmetija-kolar-ljubno-apartmaji-studio-kolovrat-foto-tomo-jesenicnik-04.jpg\" data-orig-src=\"https:\/\/kmetija-kolar.si\/wp-content\/uploads\/2020\/03\/turisticna-kmetija-kolar-ljubno-apartmaji-studio-kolovrat-foto-tomo-jesenicnik-04.jpg\" width=\"1200\" height=\"798\" alt=\"Turisti\u010dna kmetija Kolar, Ljubno - Studio Kolovrat - foto: Tomo Jeseni\u010dnik\" title=\"turisticna-kmetija-kolar-ljubno-apartmaji-studio-kolovrat-foto-tomo-jesenicnik-04\" aria-label=\"turisticna-kmetija-kolar-ljubno-apartmaji-studio-kolovrat-foto-tomo-jesenicnik-04\" class=\"lazyload img-responsive wp-image-1681\" srcset=\"data:image\/svg+xml,%3Csvg%20xmlns%3D%27http%3A%2F%2Fwww.w3.org%2F2000%2Fsvg%27%20width%3D%271200%27%20height%3D%27798%27%20viewBox%3D%270%200%201200%20798%27%3E%3Crect%20width%3D%271200%27%20height%3D%27798%27%20fill-opacity%3D%220%22%2F%3E%3C%2Fsvg%3E\" data-srcset=\"https:\/\/kmetija-kolar.si\/wp-content\/uploads\/2020\/03\/turisticna-kmetija-kolar-ljubno-apartmaji-studio-kolovrat-foto-tomo-jesenicnik-04-200x133.jpg 200w, https:\/\/kmetija-kolar.si\/wp-content\/uploads\/2020\/03\/turisticna-kmetija-kolar-ljubno-apartmaji-studio-kolovrat-foto-tomo-jesenicnik-04-400x266.jpg 400w, https:\/\/kmetija-kolar.si\/wp-content\/uploads\/2020\/03\/turisticna-kmetija-kolar-ljubno-apartmaji-studio-kolovrat-foto-tomo-jesenicnik-04-600x399.jpg 600w, https:\/\/kmetija-kolar.si\/wp-content\/uploads\/2020\/03\/turisticna-kmetija-kolar-ljubno-apartmaji-studio-kolovrat-foto-tomo-jesenicnik-04-800x532.jpg 800w, https:\/\/kmetija-kolar.si\/wp-content\/uploads\/2020\/03\/turisticna-kmetija-kolar-ljubno-apartmaji-studio-kolovrat-foto-tomo-jesenicnik-04.jpg 1200w\" data-sizes=\"auto\" data-orig-sizes=\"(min-width: 2200px) 100vw, (min-width: 640px) 1170px, \" \/><\/div><\/a><\/div><\/div><div style=\"padding:5px;\" class=\"fusion-grid-column fusion-gallery-column fusion-gallery-column-1 hover-type-none fusion-element-landscape\"><div class=\"fusion-gallery-image\"><a href=\"https:\/\/kmetija-kolar.si\/wp-content\/uploads\/2020\/03\/turisticna-kmetija-kolar-ljubno-apartmaji-studio-kolovrat-foto-tomo-jesenicnik-02.jpg\" data-title=\"turisticna-kmetija-kolar-ljubno-apartmaji-studio-kolovrat-foto-tomo-jesenicnik-02\" title=\"turisticna-kmetija-kolar-ljubno-apartmaji-studio-kolovrat-foto-tomo-jesenicnik-02\" rel=\"noreferrer\" data-rel=\"iLightbox[gallery_image_1]\" class=\"fusion-lightbox\" target=\"_self\"><div style=\"padding-top:calc((100% + 10px) * 0.4 - 5px);background-position:;\" class=\"fusion-masonry-element-container lazyload\" data-bg=\"https:\/\/kmetija-kolar.si\/wp-content\/uploads\/2020\/03\/turisticna-kmetija-kolar-ljubno-apartmaji-studio-kolovrat-foto-tomo-jesenicnik-02.jpg\"><img decoding=\"async\" src=\"https:\/\/kmetija-kolar.si\/wp-content\/uploads\/2020\/03\/turisticna-kmetija-kolar-ljubno-apartmaji-studio-kolovrat-foto-tomo-jesenicnik-02.jpg\" data-orig-src=\"https:\/\/kmetija-kolar.si\/wp-content\/uploads\/2020\/03\/turisticna-kmetija-kolar-ljubno-apartmaji-studio-kolovrat-foto-tomo-jesenicnik-02.jpg\" width=\"1200\" height=\"798\" alt=\"Turisti\u010dna kmetija Kolar, Ljubno - Studio Kolovrat - foto: Tomo Jeseni\u010dnik\" title=\"turisticna-kmetija-kolar-ljubno-apartmaji-studio-kolovrat-foto-tomo-jesenicnik-02\" aria-label=\"turisticna-kmetija-kolar-ljubno-apartmaji-studio-kolovrat-foto-tomo-jesenicnik-02\" class=\"lazyload img-responsive wp-image-1673\" srcset=\"data:image\/svg+xml,%3Csvg%20xmlns%3D%27http%3A%2F%2Fwww.w3.org%2F2000%2Fsvg%27%20width%3D%271200%27%20height%3D%27798%27%20viewBox%3D%270%200%201200%20798%27%3E%3Crect%20width%3D%271200%27%20height%3D%27798%27%20fill-opacity%3D%220%22%2F%3E%3C%2Fsvg%3E\" data-srcset=\"https:\/\/kmetija-kolar.si\/wp-content\/uploads\/2020\/03\/turisticna-kmetija-kolar-ljubno-apartmaji-studio-kolovrat-foto-tomo-jesenicnik-02-200x133.jpg 200w, https:\/\/kmetija-kolar.si\/wp-content\/uploads\/2020\/03\/turisticna-kmetija-kolar-ljubno-apartmaji-studio-kolovrat-foto-tomo-jesenicnik-02-400x266.jpg 400w, https:\/\/kmetija-kolar.si\/wp-content\/uploads\/2020\/03\/turisticna-kmetija-kolar-ljubno-apartmaji-studio-kolovrat-foto-tomo-jesenicnik-02-600x399.jpg 600w, https:\/\/kmetija-kolar.si\/wp-content\/uploads\/2020\/03\/turisticna-kmetija-kolar-ljubno-apartmaji-studio-kolovrat-foto-tomo-jesenicnik-02-800x532.jpg 800w, https:\/\/kmetija-kolar.si\/wp-content\/uploads\/2020\/03\/turisticna-kmetija-kolar-ljubno-apartmaji-studio-kolovrat-foto-tomo-jesenicnik-02.jpg 1200w\" data-sizes=\"auto\" data-orig-sizes=\"(min-width: 2200px) 100vw, (min-width: 640px) 1170px, \" \/><\/div><\/a><\/div><\/div><div style=\"padding:5px;\" class=\"fusion-grid-column fusion-gallery-column fusion-gallery-column-1 hover-type-none fusion-element-landscape\"><div class=\"fusion-gallery-image\"><a href=\"https:\/\/kmetija-kolar.si\/wp-content\/uploads\/2020\/03\/turisticna-kmetija-kolar-ljubno-apartmaji-studio-kolovrat-foto-tomo-jesenicnik-03.jpg\" data-title=\"turisticna-kmetija-kolar-ljubno-apartmaji-studio-kolovrat-foto-tomo-jesenicnik-03\" title=\"turisticna-kmetija-kolar-ljubno-apartmaji-studio-kolovrat-foto-tomo-jesenicnik-03\" rel=\"noreferrer\" data-rel=\"iLightbox[gallery_image_1]\" class=\"fusion-lightbox\" target=\"_self\"><div style=\"padding-top:calc((100% + 10px) * 0.4 - 5px);background-position:;\" class=\"fusion-masonry-element-container lazyload\" data-bg=\"https:\/\/kmetija-kolar.si\/wp-content\/uploads\/2020\/03\/turisticna-kmetija-kolar-ljubno-apartmaji-studio-kolovrat-foto-tomo-jesenicnik-03.jpg\"><img decoding=\"async\" src=\"https:\/\/kmetija-kolar.si\/wp-content\/uploads\/2020\/03\/turisticna-kmetija-kolar-ljubno-apartmaji-studio-kolovrat-foto-tomo-jesenicnik-03.jpg\" data-orig-src=\"https:\/\/kmetija-kolar.si\/wp-content\/uploads\/2020\/03\/turisticna-kmetija-kolar-ljubno-apartmaji-studio-kolovrat-foto-tomo-jesenicnik-03.jpg\" width=\"1200\" height=\"798\" alt=\"Turisti\u010dna kmetija Kolar, Ljubno - Studio Kolovrat - foto: Tomo Jeseni\u010dnik\" title=\"turisticna-kmetija-kolar-ljubno-apartmaji-studio-kolovrat-foto-tomo-jesenicnik-03\" aria-label=\"turisticna-kmetija-kolar-ljubno-apartmaji-studio-kolovrat-foto-tomo-jesenicnik-03\" class=\"lazyload img-responsive wp-image-1677\" srcset=\"data:image\/svg+xml,%3Csvg%20xmlns%3D%27http%3A%2F%2Fwww.w3.org%2F2000%2Fsvg%27%20width%3D%271200%27%20height%3D%27798%27%20viewBox%3D%270%200%201200%20798%27%3E%3Crect%20width%3D%271200%27%20height%3D%27798%27%20fill-opacity%3D%220%22%2F%3E%3C%2Fsvg%3E\" data-srcset=\"https:\/\/kmetija-kolar.si\/wp-content\/uploads\/2020\/03\/turisticna-kmetija-kolar-ljubno-apartmaji-studio-kolovrat-foto-tomo-jesenicnik-03-200x133.jpg 200w, https:\/\/kmetija-kolar.si\/wp-content\/uploads\/2020\/03\/turisticna-kmetija-kolar-ljubno-apartmaji-studio-kolovrat-foto-tomo-jesenicnik-03-400x266.jpg 400w, https:\/\/kmetija-kolar.si\/wp-content\/uploads\/2020\/03\/turisticna-kmetija-kolar-ljubno-apartmaji-studio-kolovrat-foto-tomo-jesenicnik-03-600x399.jpg 600w, https:\/\/kmetija-kolar.si\/wp-content\/uploads\/2020\/03\/turisticna-kmetija-kolar-ljubno-apartmaji-studio-kolovrat-foto-tomo-jesenicnik-03-800x532.jpg 800w, https:\/\/kmetija-kolar.si\/wp-content\/uploads\/2020\/03\/turisticna-kmetija-kolar-ljubno-apartmaji-studio-kolovrat-foto-tomo-jesenicnik-03.jpg 1200w\" data-sizes=\"auto\" data-orig-sizes=\"(min-width: 2200px) 100vw, (min-width: 640px) 1170px, \" \/><\/div><\/a><\/div><\/div><\/div><\/div><div class=\"fusion-clearfix\"><\/div><\/div><\/div><div class=\"fusion-layout-column fusion_builder_column fusion-builder-column-1 fusion_builder_column_2_5 2_5 fusion-two-fifth fusion-column-last\" style=\"--awb-bg-size:cover;width:37.6%;\"><div class=\"fusion-column-wrapper fusion-column-has-shadow fusion-flex-column-wrapper-legacy\">[bentral-widget type=\"reservation\"]<br>ERROR: NO POST ID<div class=\"fusion-clearfix\"><\/div><\/div><\/div><\/div><\/div><div class=\"fusion-fullwidth fullwidth-box fusion-builder-row-2 nonhundred-percent-fullwidth non-hundred-percent-height-scrolling\" style=\"--awb-border-radius-top-left:0px;--awb-border-radius-top-right:0px;--awb-border-radius-bottom-right:0px;--awb-border-radius-bottom-left:0px;--awb-flex-wrap:wrap;\" ><div class=\"fusion-builder-row fusion-row\"><div class=\"fusion-layout-column fusion_builder_column fusion-builder-column-2 fusion_builder_column_1_1 1_1 fusion-one-full fusion-column-first fusion-column-last\" style=\"--awb-padding-top:3%;--awb-padding-right:6%;--awb-padding-bottom:3%;--awb-padding-left:6%;--awb-overflow:hidden;--awb-bg-size:cover;--awb-border-color:rgba(169,146,119,0.1);--awb-border-top:5px;--awb-border-right:5px;--awb-border-bottom:5px;--awb-border-left:5px;--awb-border-style:solid;--awb-border-radius:0px 0px 20px 20px;\"><div class=\"fusion-column-wrapper fusion-column-has-shadow fusion-flex-column-wrapper-legacy\"><div class=\"fusion-text fusion-text-2\"><h2 style=\"text-align: center;\">GEMEINSAME R\u00c4UME UND WILKOMMENE EXTRAS<\/h2>\n<\/div><div class=\"fusion-sep-clear\"><\/div><div class=\"fusion-separator fusion-full-width-sep\" style=\"margin-left: auto;margin-right: auto;margin-top:20px;width:100%;\"><\/div><div class=\"fusion-sep-clear\"><\/div><div class=\"fusion-text fusion-text-3\"><h3>GEMEINSAME R\u00c4UME<\/h3>\n<p><strong>FLUR<br \/>\n<\/strong>Auf dem Flur gibt es touristische Informationen \u00fcber Ljubno mit Umgebung; man kann sich auch alte Traditionen von Ljubno ansehen.<\/p>\n<p><strong>ZWEI BALKONE<br \/>\n<\/strong>Zur Verf\u00fcgung stehen zwei Balkone. Dort darf man rauchen.<\/p>\n<p><strong>SOMMERK\u00dcCHE<br \/>\n<\/strong>Zubereitung des Essens im Freien.<\/p>\n<h3>WILKOMMENE EXTRAS<\/h3>\n<p><strong>W\u00c4SCHEREI UND TROCKENRAUM<br \/>\n<\/strong>Bei uns k\u00f6nnen alle G\u00e4ste W\u00e4sche kostenlos waschen und trocknen.<\/p>\n<p><strong>PUTZMITTEL<br \/>\n<\/strong>Die Putzmittel stehen allen G\u00e4sten zur Verf\u00fcgung.<\/p>\n<h3>FAMILIENFREUNDLICH<\/h3>\n<p><strong>KINDERBETT<br \/>\n<\/strong>Die Aufstellung eines Kinderbettes ist in allen Appartements m\u00f6glich und kostenlos.<\/p>\n<p><strong>KINDERSITZ<br \/>\n<\/strong>Kindersitz Mietoption<\/p>\n<\/div><div class=\"fusion-clearfix\"><\/div><\/div><\/div><\/div><\/div>\n<\/p>\n","protected":false},"excerpt":{"rendered":"","protected":false},"author":1,"featured_media":0,"parent":1507,"menu_order":0,"comment_status":"closed","ping_status":"closed","template":"","meta":{"footnotes":""},"class_list":["post-1516","page","type-page","status-publish","hentry"],"yoast_head":"<!-- This site is optimized with the Yoast SEO plugin v26.8 - https:\/\/yoast.com\/product\/yoast-seo-wordpress\/ -->\n<title>Studio Kolovrat - \u00d6kobauernhof Kolar<\/title>\n<meta name=\"robots\" content=\"index, follow, max-snippet:-1, max-image-preview:large, max-video-preview:-1\" \/>\n<link rel=\"canonical\" href=\"https:\/\/kmetija-kolar.si\/de\/unterkunfte\/studio-kolovrat\/\" \/>\n<meta property=\"og:locale\" content=\"de_DE\" \/>\n<meta property=\"og:type\" content=\"article\" \/>\n<meta property=\"og:title\" content=\"Studio Kolovrat - \u00d6kobauernhof Kolar\" \/>\n<meta property=\"og:url\" content=\"https:\/\/kmetija-kolar.si\/de\/unterkunfte\/studio-kolovrat\/\" \/>\n<meta property=\"og:site_name\" content=\"\u00d6kobauernhof Kolar\" \/>\n<meta property=\"article:publisher\" content=\"https:\/\/www.facebook.com\/ecologicaltouristfarmkolar\" \/>\n<meta property=\"article:modified_time\" content=\"2022-08-30T19:05:19+00:00\" \/>\n<meta property=\"og:image\" content=\"https:\/\/kmetija-kolar.si\/wp-content\/uploads\/2019\/04\/kmetija-kolar-hisa-spredaj.jpg\" \/>\n\t<meta property=\"og:image:width\" content=\"1024\" \/>\n\t<meta property=\"og:image:height\" content=\"604\" \/>\n\t<meta property=\"og:image:type\" content=\"image\/jpeg\" \/>\n<meta name=\"twitter:card\" content=\"summary_large_image\" \/>\n<meta name=\"twitter:label1\" content=\"Gesch\u00e4tzte Lesezeit\" \/>\n\t<meta name=\"twitter:data1\" content=\"2\u00a0Minuten\" \/>\n<script type=\"application\/ld+json\" class=\"yoast-schema-graph\">{\"@context\":\"https:\/\/schema.org\",\"@graph\":[{\"@type\":\"WebPage\",\"@id\":\"https:\/\/kmetija-kolar.si\/de\/unterkunfte\/studio-kolovrat\/\",\"url\":\"https:\/\/kmetija-kolar.si\/de\/unterkunfte\/studio-kolovrat\/\",\"name\":\"Studio Kolovrat - \u00d6kobauernhof Kolar\",\"isPartOf\":{\"@id\":\"https:\/\/kmetija-kolar.si\/de\/#website\"},\"datePublished\":\"2020-02-26T13:38:37+00:00\",\"dateModified\":\"2022-08-30T19:05:19+00:00\",\"breadcrumb\":{\"@id\":\"https:\/\/kmetija-kolar.si\/de\/unterkunfte\/studio-kolovrat\/#breadcrumb\"},\"inLanguage\":\"de\",\"potentialAction\":[{\"@type\":\"ReadAction\",\"target\":[\"https:\/\/kmetija-kolar.si\/de\/unterkunfte\/studio-kolovrat\/\"]}]},{\"@type\":\"BreadcrumbList\",\"@id\":\"https:\/\/kmetija-kolar.si\/de\/unterkunfte\/studio-kolovrat\/#breadcrumb\",\"itemListElement\":[{\"@type\":\"ListItem\",\"position\":1,\"name\":\"Home\",\"item\":\"https:\/\/kmetija-kolar.si\/de\/\"},{\"@type\":\"ListItem\",\"position\":2,\"name\":\"UNTERKUNFTE\",\"item\":\"https:\/\/kmetija-kolar.si\/de\/unterkunfte\/\"},{\"@type\":\"ListItem\",\"position\":3,\"name\":\"Studio Kolovrat\"}]},{\"@type\":\"WebSite\",\"@id\":\"https:\/\/kmetija-kolar.si\/de\/#website\",\"url\":\"https:\/\/kmetija-kolar.si\/de\/\",\"name\":\"\u00d6kobauernhof Kolar\",\"description\":\"\",\"publisher\":{\"@id\":\"https:\/\/kmetija-kolar.si\/de\/#organization\"},\"potentialAction\":[{\"@type\":\"SearchAction\",\"target\":{\"@type\":\"EntryPoint\",\"urlTemplate\":\"https:\/\/kmetija-kolar.si\/de\/?s={search_term_string}\"},\"query-input\":{\"@type\":\"PropertyValueSpecification\",\"valueRequired\":true,\"valueName\":\"search_term_string\"}}],\"inLanguage\":\"de\"},{\"@type\":\"Organization\",\"@id\":\"https:\/\/kmetija-kolar.si\/de\/#organization\",\"name\":\"Ekolo\u0161ka turisti\u010dna kmetija Kolar\",\"url\":\"https:\/\/kmetija-kolar.si\/de\/\",\"logo\":{\"@type\":\"ImageObject\",\"inLanguage\":\"de\",\"@id\":\"https:\/\/kmetija-kolar.si\/de\/#\/schema\/logo\/image\/\",\"url\":\"https:\/\/kmetija-kolar.si\/wp-content\/uploads\/2019\/04\/kmetija-kolar-logo-248x65-e1556266050223.png\",\"contentUrl\":\"https:\/\/kmetija-kolar.si\/wp-content\/uploads\/2019\/04\/kmetija-kolar-logo-248x65-e1556266050223.png\",\"width\":248,\"height\":64,\"caption\":\"Ekolo\u0161ka turisti\u010dna kmetija Kolar\"},\"image\":{\"@id\":\"https:\/\/kmetija-kolar.si\/de\/#\/schema\/logo\/image\/\"},\"sameAs\":[\"https:\/\/www.facebook.com\/ecologicaltouristfarmkolar\"]}]}<\/script>\n<!-- \/ Yoast SEO plugin. -->","yoast_head_json":{"title":"Studio Kolovrat - \u00d6kobauernhof Kolar","robots":{"index":"index","follow":"follow","max-snippet":"max-snippet:-1","max-image-preview":"max-image-preview:large","max-video-preview":"max-video-preview:-1"},"canonical":"https:\/\/kmetija-kolar.si\/de\/unterkunfte\/studio-kolovrat\/","og_locale":"de_DE","og_type":"article","og_title":"Studio Kolovrat - \u00d6kobauernhof Kolar","og_url":"https:\/\/kmetija-kolar.si\/de\/unterkunfte\/studio-kolovrat\/","og_site_name":"\u00d6kobauernhof Kolar","article_publisher":"https:\/\/www.facebook.com\/ecologicaltouristfarmkolar","article_modified_time":"2022-08-30T19:05:19+00:00","og_image":[{"width":1024,"height":604,"url":"https:\/\/kmetija-kolar.si\/wp-content\/uploads\/2019\/04\/kmetija-kolar-hisa-spredaj.jpg","type":"image\/jpeg"}],"twitter_card":"summary_large_image","twitter_misc":{"Gesch\u00e4tzte Lesezeit":"2\u00a0Minuten"},"schema":{"@context":"https:\/\/schema.org","@graph":[{"@type":"WebPage","@id":"https:\/\/kmetija-kolar.si\/de\/unterkunfte\/studio-kolovrat\/","url":"https:\/\/kmetija-kolar.si\/de\/unterkunfte\/studio-kolovrat\/","name":"Studio Kolovrat - \u00d6kobauernhof Kolar","isPartOf":{"@id":"https:\/\/kmetija-kolar.si\/de\/#website"},"datePublished":"2020-02-26T13:38:37+00:00","dateModified":"2022-08-30T19:05:19+00:00","breadcrumb":{"@id":"https:\/\/kmetija-kolar.si\/de\/unterkunfte\/studio-kolovrat\/#breadcrumb"},"inLanguage":"de","potentialAction":[{"@type":"ReadAction","target":["https:\/\/kmetija-kolar.si\/de\/unterkunfte\/studio-kolovrat\/"]}]},{"@type":"BreadcrumbList","@id":"https:\/\/kmetija-kolar.si\/de\/unterkunfte\/studio-kolovrat\/#breadcrumb","itemListElement":[{"@type":"ListItem","position":1,"name":"Home","item":"https:\/\/kmetija-kolar.si\/de\/"},{"@type":"ListItem","position":2,"name":"UNTERKUNFTE","item":"https:\/\/kmetija-kolar.si\/de\/unterkunfte\/"},{"@type":"ListItem","position":3,"name":"Studio Kolovrat"}]},{"@type":"WebSite","@id":"https:\/\/kmetija-kolar.si\/de\/#website","url":"https:\/\/kmetija-kolar.si\/de\/","name":"\u00d6kobauernhof Kolar","description":"","publisher":{"@id":"https:\/\/kmetija-kolar.si\/de\/#organization"},"potentialAction":[{"@type":"SearchAction","target":{"@type":"EntryPoint","urlTemplate":"https:\/\/kmetija-kolar.si\/de\/?s={search_term_string}"},"query-input":{"@type":"PropertyValueSpecification","valueRequired":true,"valueName":"search_term_string"}}],"inLanguage":"de"},{"@type":"Organization","@id":"https:\/\/kmetija-kolar.si\/de\/#organization","name":"Ekolo\u0161ka turisti\u010dna kmetija Kolar","url":"https:\/\/kmetija-kolar.si\/de\/","logo":{"@type":"ImageObject","inLanguage":"de","@id":"https:\/\/kmetija-kolar.si\/de\/#\/schema\/logo\/image\/","url":"https:\/\/kmetija-kolar.si\/wp-content\/uploads\/2019\/04\/kmetija-kolar-logo-248x65-e1556266050223.png","contentUrl":"https:\/\/kmetija-kolar.si\/wp-content\/uploads\/2019\/04\/kmetija-kolar-logo-248x65-e1556266050223.png","width":248,"height":64,"caption":"Ekolo\u0161ka turisti\u010dna kmetija Kolar"},"image":{"@id":"https:\/\/kmetija-kolar.si\/de\/#\/schema\/logo\/image\/"},"sameAs":["https:\/\/www.facebook.com\/ecologicaltouristfarmkolar"]}]}},"_links":{"self":[{"href":"https:\/\/kmetija-kolar.si\/de\/wp-json\/wp\/v2\/pages\/1516","targetHints":{"allow":["GET"]}}],"collection":[{"href":"https:\/\/kmetija-kolar.si\/de\/wp-json\/wp\/v2\/pages"}],"about":[{"href":"https:\/\/kmetija-kolar.si\/de\/wp-json\/wp\/v2\/types\/page"}],"author":[{"embeddable":true,"href":"https:\/\/kmetija-kolar.si\/de\/wp-json\/wp\/v2\/users\/1"}],"replies":[{"embeddable":true,"href":"https:\/\/kmetija-kolar.si\/de\/wp-json\/wp\/v2\/comments?post=1516"}],"version-history":[{"count":8,"href":"https:\/\/kmetija-kolar.si\/de\/wp-json\/wp\/v2\/pages\/1516\/revisions"}],"predecessor-version":[{"id":1868,"href":"https:\/\/kmetija-kolar.si\/de\/wp-json\/wp\/v2\/pages\/1516\/revisions\/1868"}],"up":[{"embeddable":true,"href":"https:\/\/kmetija-kolar.si\/de\/wp-json\/wp\/v2\/pages\/1507"}],"wp:attachment":[{"href":"https:\/\/kmetija-kolar.si\/de\/wp-json\/wp\/v2\/media?parent=1516"}],"curies":[{"name":"wp","href":"https:\/\/api.w.org\/{rel}","templated":true}]}}