{"id":1520,"date":"2020-02-26T14:38:56","date_gmt":"2020-02-26T13:38:56","guid":{"rendered":"https:\/\/kmetija-kolar.si\/unterkunfte\/studio-rajhovka\/"},"modified":"2022-08-30T21:05:44","modified_gmt":"2022-08-30T19:05:44","slug":"studio-rajhovka","status":"publish","type":"page","link":"https:\/\/kmetija-kolar.si\/de\/unterkunfte\/studio-rajhovka\/","title":{"rendered":"Studio Rajhovka"},"content":{"rendered":"<p><div class=\"fusion-fullwidth fullwidth-box fusion-builder-row-1 nonhundred-percent-fullwidth non-hundred-percent-height-scrolling\" style=\"--awb-border-radius-top-left:0px;--awb-border-radius-top-right:0px;--awb-border-radius-bottom-right:0px;--awb-border-radius-bottom-left:0px;--awb-flex-wrap:wrap;\" ><div class=\"fusion-builder-row fusion-row\"><div class=\"fusion-layout-column fusion_builder_column fusion-builder-column-0 fusion_builder_column_3_5 3_5 fusion-three-fifth fusion-column-first\" style=\"--awb-bg-size:cover;--awb-margin-top:0px;--awb-margin-bottom:0px;width:58.4%; margin-right: 4%;\"><div class=\"fusion-column-wrapper fusion-flex-column-wrapper-legacy\"><div class=\"fusion-text fusion-text-1\"><p>Studio Rajhovka mit dem Blick auf den Garten und die Schanzen bietet die M\u00f6glichkeit, ein zus\u00e4tzliches Zimmer mit Etagenbett zu buchen. Die Gesamtgr\u00f6\u00dfe ist 38 m\u00b2. Im Studio befindet sich ein gro\u00dfes Doppelbett.<\/p>\n<\/div><div class=\"awb-gallery-wrapper awb-gallery-wrapper-1 button-span-no\"><div style=\"margin:-5px;--awb-bordersize:0px;\" class=\"fusion-gallery fusion-gallery-container fusion-grid-2 fusion-columns-total-6 fusion-gallery-layout-masonry fusion-gallery-1\"><div class=\"fusion-grid-column fusion-gallery-column fusion-gallery-column-2 hover-type-none fusion-grid-sizer\"><\/div><div style=\"padding:5px;\" class=\"fusion-grid-column fusion-gallery-column fusion-gallery-column-2 hover-type-none fusion-element-landscape\"><div class=\"fusion-gallery-image\"><a href=\"https:\/\/kmetija-kolar.si\/wp-content\/uploads\/2019\/04\/kmetija-kolar-studio-rajhovka-1.jpg\" data-title=\"kmetija-kolar-studio-rajhovka\" title=\"kmetija-kolar-studio-rajhovka\" rel=\"noreferrer\" data-rel=\"iLightbox[gallery_image_1]\" class=\"fusion-lightbox\" target=\"_self\"><div style=\"padding-top:calc((100% + 10px) * 0.4 - 5px);background-position:;\" class=\"fusion-masonry-element-container lazyload\" data-bg=\"https:\/\/kmetija-kolar.si\/wp-content\/uploads\/2019\/04\/kmetija-kolar-studio-rajhovka-1.jpg\"><img decoding=\"async\" src=\"https:\/\/kmetija-kolar.si\/wp-content\/uploads\/2019\/04\/kmetija-kolar-studio-rajhovka-1.jpg\" data-orig-src=\"https:\/\/kmetija-kolar.si\/wp-content\/uploads\/2019\/04\/kmetija-kolar-studio-rajhovka-1.jpg\" width=\"900\" height=\"675\" alt=\"\" title=\"kmetija-kolar-studio-rajhovka\" aria-label=\"kmetija-kolar-studio-rajhovka\" class=\"lazyload img-responsive wp-image-1040\" srcset=\"data:image\/svg+xml,%3Csvg%20xmlns%3D%27http%3A%2F%2Fwww.w3.org%2F2000%2Fsvg%27%20width%3D%27900%27%20height%3D%27675%27%20viewBox%3D%270%200%20900%20675%27%3E%3Crect%20width%3D%27900%27%20height%3D%27675%27%20fill-opacity%3D%220%22%2F%3E%3C%2Fsvg%3E\" data-srcset=\"https:\/\/kmetija-kolar.si\/wp-content\/uploads\/2019\/04\/kmetija-kolar-studio-rajhovka-1-200x150.jpg 200w, https:\/\/kmetija-kolar.si\/wp-content\/uploads\/2019\/04\/kmetija-kolar-studio-rajhovka-1-400x300.jpg 400w, https:\/\/kmetija-kolar.si\/wp-content\/uploads\/2019\/04\/kmetija-kolar-studio-rajhovka-1-600x450.jpg 600w, https:\/\/kmetija-kolar.si\/wp-content\/uploads\/2019\/04\/kmetija-kolar-studio-rajhovka-1-800x600.jpg 800w, https:\/\/kmetija-kolar.si\/wp-content\/uploads\/2019\/04\/kmetija-kolar-studio-rajhovka-1.jpg 900w\" data-sizes=\"auto\" data-orig-sizes=\"(min-width: 2200px) 100vw, (min-width: 640px) 1170px, \" \/><\/div><\/a><\/div><\/div><div style=\"padding:5px;\" class=\"fusion-grid-column fusion-gallery-column fusion-gallery-column-2 hover-type-none fusion-element-landscape\"><div class=\"fusion-gallery-image\"><a href=\"https:\/\/kmetija-kolar.si\/wp-content\/uploads\/2019\/04\/studio-rajhovka-1.jpg\" data-title=\"studio-rajhovka-1\" title=\"studio-rajhovka-1\" rel=\"noreferrer\" data-rel=\"iLightbox[gallery_image_1]\" class=\"fusion-lightbox\" target=\"_self\"><div style=\"padding-top:calc((100% + 10px) * 0.4 - 5px);background-position:;\" class=\"fusion-masonry-element-container lazyload\" data-bg=\"https:\/\/kmetija-kolar.si\/wp-content\/uploads\/2019\/04\/studio-rajhovka-1.jpg\"><img decoding=\"async\" src=\"https:\/\/kmetija-kolar.si\/wp-content\/uploads\/2019\/04\/studio-rajhovka-1.jpg\" data-orig-src=\"https:\/\/kmetija-kolar.si\/wp-content\/uploads\/2019\/04\/studio-rajhovka-1.jpg\" width=\"960\" height=\"720\" alt=\"\" title=\"studio-rajhovka-1\" aria-label=\"studio-rajhovka-1\" class=\"lazyload img-responsive wp-image-1041\" srcset=\"data:image\/svg+xml,%3Csvg%20xmlns%3D%27http%3A%2F%2Fwww.w3.org%2F2000%2Fsvg%27%20width%3D%27960%27%20height%3D%27720%27%20viewBox%3D%270%200%20960%20720%27%3E%3Crect%20width%3D%27960%27%20height%3D%27720%27%20fill-opacity%3D%220%22%2F%3E%3C%2Fsvg%3E\" data-srcset=\"https:\/\/kmetija-kolar.si\/wp-content\/uploads\/2019\/04\/studio-rajhovka-1-200x150.jpg 200w, https:\/\/kmetija-kolar.si\/wp-content\/uploads\/2019\/04\/studio-rajhovka-1-400x300.jpg 400w, https:\/\/kmetija-kolar.si\/wp-content\/uploads\/2019\/04\/studio-rajhovka-1-600x450.jpg 600w, https:\/\/kmetija-kolar.si\/wp-content\/uploads\/2019\/04\/studio-rajhovka-1-800x600.jpg 800w, https:\/\/kmetija-kolar.si\/wp-content\/uploads\/2019\/04\/studio-rajhovka-1.jpg 960w\" data-sizes=\"auto\" data-orig-sizes=\"(min-width: 2200px) 100vw, (min-width: 640px) 1170px, \" \/><\/div><\/a><\/div><\/div><div style=\"padding:5px;\" class=\"fusion-grid-column fusion-gallery-column fusion-gallery-column-2 hover-type-none fusion-element-portrait\"><div class=\"fusion-gallery-image\"><a href=\"https:\/\/kmetija-kolar.si\/wp-content\/uploads\/2020\/02\/kmetija-kolar-studio-rajhovka-7.jpg\" data-title=\"kmetija-kolar-studio-rajhovka-7\" title=\"kmetija-kolar-studio-rajhovka-7\" rel=\"noreferrer\" data-rel=\"iLightbox[gallery_image_1]\" class=\"fusion-lightbox\" target=\"_self\"><div style=\"padding-top:calc((100% + 10px) * 1.6);background-position:;\" class=\"fusion-masonry-element-container lazyload\" data-bg=\"https:\/\/kmetija-kolar.si\/wp-content\/uploads\/2020\/02\/kmetija-kolar-studio-rajhovka-7.jpg\"><img decoding=\"async\" src=\"https:\/\/kmetija-kolar.si\/wp-content\/uploads\/2020\/02\/kmetija-kolar-studio-rajhovka-7.jpg\" data-orig-src=\"https:\/\/kmetija-kolar.si\/wp-content\/uploads\/2020\/02\/kmetija-kolar-studio-rajhovka-7.jpg\" width=\"618\" height=\"1100\" alt=\"\" title=\"kmetija-kolar-studio-rajhovka-7\" aria-label=\"kmetija-kolar-studio-rajhovka-7\" class=\"lazyload img-responsive wp-image-1401\" srcset=\"data:image\/svg+xml,%3Csvg%20xmlns%3D%27http%3A%2F%2Fwww.w3.org%2F2000%2Fsvg%27%20width%3D%27618%27%20height%3D%271100%27%20viewBox%3D%270%200%20618%201100%27%3E%3Crect%20width%3D%27618%27%20height%3D%271100%27%20fill-opacity%3D%220%22%2F%3E%3C%2Fsvg%3E\" data-srcset=\"https:\/\/kmetija-kolar.si\/wp-content\/uploads\/2020\/02\/kmetija-kolar-studio-rajhovka-7-200x356.jpg 200w, https:\/\/kmetija-kolar.si\/wp-content\/uploads\/2020\/02\/kmetija-kolar-studio-rajhovka-7-400x712.jpg 400w, https:\/\/kmetija-kolar.si\/wp-content\/uploads\/2020\/02\/kmetija-kolar-studio-rajhovka-7-600x1068.jpg 600w, https:\/\/kmetija-kolar.si\/wp-content\/uploads\/2020\/02\/kmetija-kolar-studio-rajhovka-7.jpg 618w\" data-sizes=\"auto\" data-orig-sizes=\"(min-width: 2200px) 100vw, (min-width: 712px) 583px, (min-width: 640px) 712px, \" \/><\/div><\/a><\/div><\/div><div style=\"padding:5px;\" class=\"fusion-grid-column fusion-gallery-column fusion-gallery-column-2 hover-type-none fusion-element-portrait\"><div class=\"fusion-gallery-image\"><a href=\"https:\/\/kmetija-kolar.si\/wp-content\/uploads\/2020\/02\/kmetija-kolar-studio-rajhovka-8.jpg\" data-title=\"kmetija-kolar-studio-rajhovka-8\" title=\"kmetija-kolar-studio-rajhovka-8\" rel=\"noreferrer\" data-rel=\"iLightbox[gallery_image_1]\" class=\"fusion-lightbox\" target=\"_self\"><div style=\"padding-top:calc((100% + 10px) * 1.6);background-position:;\" class=\"fusion-masonry-element-container lazyload\" data-bg=\"https:\/\/kmetija-kolar.si\/wp-content\/uploads\/2020\/02\/kmetija-kolar-studio-rajhovka-8.jpg\"><img decoding=\"async\" src=\"https:\/\/kmetija-kolar.si\/wp-content\/uploads\/2020\/02\/kmetija-kolar-studio-rajhovka-8.jpg\" data-orig-src=\"https:\/\/kmetija-kolar.si\/wp-content\/uploads\/2020\/02\/kmetija-kolar-studio-rajhovka-8.jpg\" width=\"619\" height=\"1100\" alt=\"\" title=\"kmetija-kolar-studio-rajhovka-8\" aria-label=\"kmetija-kolar-studio-rajhovka-8\" class=\"lazyload img-responsive wp-image-1405\" srcset=\"data:image\/svg+xml,%3Csvg%20xmlns%3D%27http%3A%2F%2Fwww.w3.org%2F2000%2Fsvg%27%20width%3D%27619%27%20height%3D%271100%27%20viewBox%3D%270%200%20619%201100%27%3E%3Crect%20width%3D%27619%27%20height%3D%271100%27%20fill-opacity%3D%220%22%2F%3E%3C%2Fsvg%3E\" data-srcset=\"https:\/\/kmetija-kolar.si\/wp-content\/uploads\/2020\/02\/kmetija-kolar-studio-rajhovka-8-200x355.jpg 200w, https:\/\/kmetija-kolar.si\/wp-content\/uploads\/2020\/02\/kmetija-kolar-studio-rajhovka-8-400x711.jpg 400w, https:\/\/kmetija-kolar.si\/wp-content\/uploads\/2020\/02\/kmetija-kolar-studio-rajhovka-8-600x1066.jpg 600w, https:\/\/kmetija-kolar.si\/wp-content\/uploads\/2020\/02\/kmetija-kolar-studio-rajhovka-8.jpg 619w\" data-sizes=\"auto\" data-orig-sizes=\"(min-width: 2200px) 100vw, (min-width: 712px) 583px, (min-width: 640px) 712px, \" \/><\/div><\/a><\/div><\/div><div style=\"padding:5px;\" class=\"fusion-grid-column fusion-gallery-column fusion-gallery-column-2 hover-type-none fusion-element-portrait\"><div class=\"fusion-gallery-image\"><a href=\"https:\/\/kmetija-kolar.si\/wp-content\/uploads\/2019\/04\/studio-rajhovka-2.jpg\" data-title=\"studio-rajhovka-2\" title=\"studio-rajhovka-2\" rel=\"noreferrer\" data-rel=\"iLightbox[gallery_image_1]\" class=\"fusion-lightbox\" target=\"_self\"><div style=\"padding-top:calc((100% + 10px) * 1.6);background-position:;\" class=\"fusion-masonry-element-container lazyload\" data-bg=\"https:\/\/kmetija-kolar.si\/wp-content\/uploads\/2019\/04\/studio-rajhovka-2.jpg\"><img decoding=\"async\" src=\"https:\/\/kmetija-kolar.si\/wp-content\/uploads\/2019\/04\/studio-rajhovka-2.jpg\" data-orig-src=\"https:\/\/kmetija-kolar.si\/wp-content\/uploads\/2019\/04\/studio-rajhovka-2.jpg\" width=\"720\" height=\"960\" alt=\"\" title=\"studio-rajhovka-2\" aria-label=\"studio-rajhovka-2\" class=\"lazyload img-responsive wp-image-1038\" srcset=\"data:image\/svg+xml,%3Csvg%20xmlns%3D%27http%3A%2F%2Fwww.w3.org%2F2000%2Fsvg%27%20width%3D%27720%27%20height%3D%27960%27%20viewBox%3D%270%200%20720%20960%27%3E%3Crect%20width%3D%27720%27%20height%3D%27960%27%20fill-opacity%3D%220%22%2F%3E%3C%2Fsvg%3E\" data-srcset=\"https:\/\/kmetija-kolar.si\/wp-content\/uploads\/2019\/04\/studio-rajhovka-2-200x267.jpg 200w, https:\/\/kmetija-kolar.si\/wp-content\/uploads\/2019\/04\/studio-rajhovka-2-400x533.jpg 400w, https:\/\/kmetija-kolar.si\/wp-content\/uploads\/2019\/04\/studio-rajhovka-2-600x800.jpg 600w, https:\/\/kmetija-kolar.si\/wp-content\/uploads\/2019\/04\/studio-rajhovka-2.jpg 720w\" data-sizes=\"auto\" data-orig-sizes=\"(min-width: 2200px) 100vw, (min-width: 712px) 583px, (min-width: 640px) 712px, \" \/><\/div><\/a><\/div><\/div><div style=\"padding:5px;\" class=\"fusion-grid-column fusion-gallery-column fusion-gallery-column-2 hover-type-none fusion-element-portrait\"><div class=\"fusion-gallery-image\"><a href=\"https:\/\/kmetija-kolar.si\/wp-content\/uploads\/2019\/04\/studio-rajhovka-3-e1556267010536.jpg\" data-title=\"studio-rajhovka-3\" title=\"studio-rajhovka-3\" rel=\"noreferrer\" data-rel=\"iLightbox[gallery_image_1]\" class=\"fusion-lightbox\" target=\"_self\"><div style=\"padding-top:calc((100% + 10px) * 1.6);background-position:;\" class=\"fusion-masonry-element-container lazyload\" data-bg=\"https:\/\/kmetija-kolar.si\/wp-content\/uploads\/2019\/04\/studio-rajhovka-3-e1556267010536.jpg\"><img decoding=\"async\" src=\"https:\/\/kmetija-kolar.si\/wp-content\/uploads\/2019\/04\/studio-rajhovka-3-e1556267010536.jpg\" data-orig-src=\"https:\/\/kmetija-kolar.si\/wp-content\/uploads\/2019\/04\/studio-rajhovka-3-e1556267010536.jpg\" width=\"518\" height=\"720\" alt=\"\" title=\"studio-rajhovka-3\" aria-label=\"studio-rajhovka-3\" class=\"lazyload img-responsive wp-image-1039\" srcset=\"data:image\/svg+xml,%3Csvg%20xmlns%3D%27http%3A%2F%2Fwww.w3.org%2F2000%2Fsvg%27%20width%3D%27518%27%20height%3D%27720%27%20viewBox%3D%270%200%20518%20720%27%3E%3Crect%20width%3D%27518%27%20height%3D%27720%27%20fill-opacity%3D%220%22%2F%3E%3C%2Fsvg%3E\" data-srcset=\"https:\/\/kmetija-kolar.si\/wp-content\/uploads\/2019\/04\/studio-rajhovka-3-e1556267010536-200x278.jpg 200w, https:\/\/kmetija-kolar.si\/wp-content\/uploads\/2019\/04\/studio-rajhovka-3-e1556267010536-400x556.jpg 400w, https:\/\/kmetija-kolar.si\/wp-content\/uploads\/2019\/04\/studio-rajhovka-3-e1556267010536.jpg 518w\" data-sizes=\"auto\" data-orig-sizes=\"(min-width: 2200px) 100vw, (min-width: 712px) 583px, (min-width: 640px) 712px, \" \/><\/div><\/a><\/div><\/div><\/div><\/div><div class=\"fusion-clearfix\"><\/div><\/div><\/div><div class=\"fusion-layout-column fusion_builder_column fusion-builder-column-1 fusion_builder_column_2_5 2_5 fusion-two-fifth fusion-column-last\" style=\"--awb-bg-size:cover;width:37.6%;\"><div class=\"fusion-column-wrapper fusion-column-has-shadow fusion-flex-column-wrapper-legacy\">[bentral-widget type=\"reservation\"]<br>ERROR: NO POST ID<div class=\"fusion-clearfix\"><\/div><\/div><\/div><\/div><\/div><div class=\"fusion-fullwidth fullwidth-box fusion-builder-row-2 nonhundred-percent-fullwidth non-hundred-percent-height-scrolling\" style=\"--awb-border-radius-top-left:0px;--awb-border-radius-top-right:0px;--awb-border-radius-bottom-right:0px;--awb-border-radius-bottom-left:0px;--awb-flex-wrap:wrap;\" ><div class=\"fusion-builder-row fusion-row\"><div class=\"fusion-layout-column fusion_builder_column fusion-builder-column-2 fusion_builder_column_1_1 1_1 fusion-one-full fusion-column-first fusion-column-last\" style=\"--awb-padding-top:3%;--awb-padding-right:6%;--awb-padding-bottom:3%;--awb-padding-left:6%;--awb-overflow:hidden;--awb-bg-size:cover;--awb-border-color:rgba(169,146,119,0.1);--awb-border-top:5px;--awb-border-right:5px;--awb-border-bottom:5px;--awb-border-left:5px;--awb-border-style:solid;--awb-border-radius:0px 0px 20px 20px;\"><div class=\"fusion-column-wrapper fusion-column-has-shadow fusion-flex-column-wrapper-legacy\"><div class=\"fusion-text fusion-text-2\"><h2 style=\"text-align: center;\">GEMEINSAME R\u00c4UME UND WILKOMMENE EXTRAS<\/h2>\n<\/div><div class=\"fusion-sep-clear\"><\/div><div class=\"fusion-separator fusion-full-width-sep\" style=\"margin-left: auto;margin-right: auto;margin-top:20px;width:100%;\"><\/div><div class=\"fusion-sep-clear\"><\/div><div class=\"fusion-text fusion-text-3\"><h3>GEMEINSAME R\u00c4UME<\/h3>\n<p><strong>FLUR<br \/>\n<\/strong>Auf dem Flur gibt es touristische Informationen \u00fcber Ljubno mit Umgebung; man kann sich auch alte Traditionen von Ljubno ansehen.<\/p>\n<p><strong>ZWEI BALKONE<br \/>\n<\/strong>Zur Verf\u00fcgung stehen zwei Balkone. Dort darf man rauchen.<\/p>\n<p><strong>SOMMERK\u00dcCHE<br \/>\n<\/strong>Zubereitung des Essens im Freien.<\/p>\n<h3>WILKOMMENE EXTRAS<\/h3>\n<p><strong>W\u00c4SCHEREI UND TROCKENRAUM<br \/>\n<\/strong>Bei uns k\u00f6nnen alle G\u00e4ste W\u00e4sche kostenlos waschen und trocknen.<\/p>\n<p><strong>PUTZMITTEL<br \/>\n<\/strong>Die Putzmittel stehen allen G\u00e4sten zur Verf\u00fcgung.<\/p>\n<h3>FAMILIENFREUNDLICH<\/h3>\n<p><strong>KINDERBETT<br \/>\n<\/strong>Die Aufstellung eines Kinderbettes ist in allen Appartements m\u00f6glich und kostenlos.<\/p>\n<p><strong>KINDERSITZ<br \/>\n<\/strong>Kindersitz Mietoption<\/p>\n<\/div><div class=\"fusion-clearfix\"><\/div><\/div><\/div><\/div><\/div>\n<\/p>\n","protected":false},"excerpt":{"rendered":"","protected":false},"author":1,"featured_media":0,"parent":1507,"menu_order":0,"comment_status":"closed","ping_status":"closed","template":"","meta":{"footnotes":""},"class_list":["post-1520","page","type-page","status-publish","hentry"],"yoast_head":"<!-- This site is optimized with the Yoast SEO plugin v26.8 - https:\/\/yoast.com\/product\/yoast-seo-wordpress\/ -->\n<title>Studio Rajhovka - \u00d6kobauernhof Kolar<\/title>\n<meta name=\"robots\" content=\"index, follow, max-snippet:-1, max-image-preview:large, max-video-preview:-1\" \/>\n<link rel=\"canonical\" href=\"https:\/\/kmetija-kolar.si\/de\/unterkunfte\/studio-rajhovka\/\" \/>\n<meta property=\"og:locale\" content=\"de_DE\" \/>\n<meta property=\"og:type\" content=\"article\" \/>\n<meta property=\"og:title\" content=\"Studio Rajhovka - \u00d6kobauernhof Kolar\" \/>\n<meta property=\"og:url\" content=\"https:\/\/kmetija-kolar.si\/de\/unterkunfte\/studio-rajhovka\/\" \/>\n<meta property=\"og:site_name\" content=\"\u00d6kobauernhof Kolar\" \/>\n<meta property=\"article:publisher\" content=\"https:\/\/www.facebook.com\/ecologicaltouristfarmkolar\" \/>\n<meta property=\"article:modified_time\" content=\"2022-08-30T19:05:44+00:00\" \/>\n<meta property=\"og:image\" content=\"https:\/\/kmetija-kolar.si\/wp-content\/uploads\/2019\/04\/kmetija-kolar-hisa-spredaj.jpg\" \/>\n\t<meta property=\"og:image:width\" content=\"1024\" \/>\n\t<meta property=\"og:image:height\" content=\"604\" \/>\n\t<meta property=\"og:image:type\" content=\"image\/jpeg\" \/>\n<meta name=\"twitter:card\" content=\"summary_large_image\" \/>\n<meta name=\"twitter:label1\" content=\"Gesch\u00e4tzte Lesezeit\" \/>\n\t<meta name=\"twitter:data1\" content=\"2\u00a0Minuten\" \/>\n<script type=\"application\/ld+json\" class=\"yoast-schema-graph\">{\"@context\":\"https:\/\/schema.org\",\"@graph\":[{\"@type\":\"WebPage\",\"@id\":\"https:\/\/kmetija-kolar.si\/de\/unterkunfte\/studio-rajhovka\/\",\"url\":\"https:\/\/kmetija-kolar.si\/de\/unterkunfte\/studio-rajhovka\/\",\"name\":\"Studio Rajhovka - \u00d6kobauernhof Kolar\",\"isPartOf\":{\"@id\":\"https:\/\/kmetija-kolar.si\/de\/#website\"},\"datePublished\":\"2020-02-26T13:38:56+00:00\",\"dateModified\":\"2022-08-30T19:05:44+00:00\",\"breadcrumb\":{\"@id\":\"https:\/\/kmetija-kolar.si\/de\/unterkunfte\/studio-rajhovka\/#breadcrumb\"},\"inLanguage\":\"de\",\"potentialAction\":[{\"@type\":\"ReadAction\",\"target\":[\"https:\/\/kmetija-kolar.si\/de\/unterkunfte\/studio-rajhovka\/\"]}]},{\"@type\":\"BreadcrumbList\",\"@id\":\"https:\/\/kmetija-kolar.si\/de\/unterkunfte\/studio-rajhovka\/#breadcrumb\",\"itemListElement\":[{\"@type\":\"ListItem\",\"position\":1,\"name\":\"Home\",\"item\":\"https:\/\/kmetija-kolar.si\/de\/\"},{\"@type\":\"ListItem\",\"position\":2,\"name\":\"UNTERKUNFTE\",\"item\":\"https:\/\/kmetija-kolar.si\/de\/unterkunfte\/\"},{\"@type\":\"ListItem\",\"position\":3,\"name\":\"Studio Rajhovka\"}]},{\"@type\":\"WebSite\",\"@id\":\"https:\/\/kmetija-kolar.si\/de\/#website\",\"url\":\"https:\/\/kmetija-kolar.si\/de\/\",\"name\":\"\u00d6kobauernhof Kolar\",\"description\":\"\",\"publisher\":{\"@id\":\"https:\/\/kmetija-kolar.si\/de\/#organization\"},\"potentialAction\":[{\"@type\":\"SearchAction\",\"target\":{\"@type\":\"EntryPoint\",\"urlTemplate\":\"https:\/\/kmetija-kolar.si\/de\/?s={search_term_string}\"},\"query-input\":{\"@type\":\"PropertyValueSpecification\",\"valueRequired\":true,\"valueName\":\"search_term_string\"}}],\"inLanguage\":\"de\"},{\"@type\":\"Organization\",\"@id\":\"https:\/\/kmetija-kolar.si\/de\/#organization\",\"name\":\"Ekolo\u0161ka turisti\u010dna kmetija Kolar\",\"url\":\"https:\/\/kmetija-kolar.si\/de\/\",\"logo\":{\"@type\":\"ImageObject\",\"inLanguage\":\"de\",\"@id\":\"https:\/\/kmetija-kolar.si\/de\/#\/schema\/logo\/image\/\",\"url\":\"https:\/\/kmetija-kolar.si\/wp-content\/uploads\/2019\/04\/kmetija-kolar-logo-248x65-e1556266050223.png\",\"contentUrl\":\"https:\/\/kmetija-kolar.si\/wp-content\/uploads\/2019\/04\/kmetija-kolar-logo-248x65-e1556266050223.png\",\"width\":248,\"height\":64,\"caption\":\"Ekolo\u0161ka turisti\u010dna kmetija Kolar\"},\"image\":{\"@id\":\"https:\/\/kmetija-kolar.si\/de\/#\/schema\/logo\/image\/\"},\"sameAs\":[\"https:\/\/www.facebook.com\/ecologicaltouristfarmkolar\"]}]}<\/script>\n<!-- \/ Yoast SEO plugin. -->","yoast_head_json":{"title":"Studio Rajhovka - \u00d6kobauernhof Kolar","robots":{"index":"index","follow":"follow","max-snippet":"max-snippet:-1","max-image-preview":"max-image-preview:large","max-video-preview":"max-video-preview:-1"},"canonical":"https:\/\/kmetija-kolar.si\/de\/unterkunfte\/studio-rajhovka\/","og_locale":"de_DE","og_type":"article","og_title":"Studio Rajhovka - \u00d6kobauernhof Kolar","og_url":"https:\/\/kmetija-kolar.si\/de\/unterkunfte\/studio-rajhovka\/","og_site_name":"\u00d6kobauernhof Kolar","article_publisher":"https:\/\/www.facebook.com\/ecologicaltouristfarmkolar","article_modified_time":"2022-08-30T19:05:44+00:00","og_image":[{"width":1024,"height":604,"url":"https:\/\/kmetija-kolar.si\/wp-content\/uploads\/2019\/04\/kmetija-kolar-hisa-spredaj.jpg","type":"image\/jpeg"}],"twitter_card":"summary_large_image","twitter_misc":{"Gesch\u00e4tzte Lesezeit":"2\u00a0Minuten"},"schema":{"@context":"https:\/\/schema.org","@graph":[{"@type":"WebPage","@id":"https:\/\/kmetija-kolar.si\/de\/unterkunfte\/studio-rajhovka\/","url":"https:\/\/kmetija-kolar.si\/de\/unterkunfte\/studio-rajhovka\/","name":"Studio Rajhovka - \u00d6kobauernhof Kolar","isPartOf":{"@id":"https:\/\/kmetija-kolar.si\/de\/#website"},"datePublished":"2020-02-26T13:38:56+00:00","dateModified":"2022-08-30T19:05:44+00:00","breadcrumb":{"@id":"https:\/\/kmetija-kolar.si\/de\/unterkunfte\/studio-rajhovka\/#breadcrumb"},"inLanguage":"de","potentialAction":[{"@type":"ReadAction","target":["https:\/\/kmetija-kolar.si\/de\/unterkunfte\/studio-rajhovka\/"]}]},{"@type":"BreadcrumbList","@id":"https:\/\/kmetija-kolar.si\/de\/unterkunfte\/studio-rajhovka\/#breadcrumb","itemListElement":[{"@type":"ListItem","position":1,"name":"Home","item":"https:\/\/kmetija-kolar.si\/de\/"},{"@type":"ListItem","position":2,"name":"UNTERKUNFTE","item":"https:\/\/kmetija-kolar.si\/de\/unterkunfte\/"},{"@type":"ListItem","position":3,"name":"Studio Rajhovka"}]},{"@type":"WebSite","@id":"https:\/\/kmetija-kolar.si\/de\/#website","url":"https:\/\/kmetija-kolar.si\/de\/","name":"\u00d6kobauernhof Kolar","description":"","publisher":{"@id":"https:\/\/kmetija-kolar.si\/de\/#organization"},"potentialAction":[{"@type":"SearchAction","target":{"@type":"EntryPoint","urlTemplate":"https:\/\/kmetija-kolar.si\/de\/?s={search_term_string}"},"query-input":{"@type":"PropertyValueSpecification","valueRequired":true,"valueName":"search_term_string"}}],"inLanguage":"de"},{"@type":"Organization","@id":"https:\/\/kmetija-kolar.si\/de\/#organization","name":"Ekolo\u0161ka turisti\u010dna kmetija Kolar","url":"https:\/\/kmetija-kolar.si\/de\/","logo":{"@type":"ImageObject","inLanguage":"de","@id":"https:\/\/kmetija-kolar.si\/de\/#\/schema\/logo\/image\/","url":"https:\/\/kmetija-kolar.si\/wp-content\/uploads\/2019\/04\/kmetija-kolar-logo-248x65-e1556266050223.png","contentUrl":"https:\/\/kmetija-kolar.si\/wp-content\/uploads\/2019\/04\/kmetija-kolar-logo-248x65-e1556266050223.png","width":248,"height":64,"caption":"Ekolo\u0161ka turisti\u010dna kmetija Kolar"},"image":{"@id":"https:\/\/kmetija-kolar.si\/de\/#\/schema\/logo\/image\/"},"sameAs":["https:\/\/www.facebook.com\/ecologicaltouristfarmkolar"]}]}},"_links":{"self":[{"href":"https:\/\/kmetija-kolar.si\/de\/wp-json\/wp\/v2\/pages\/1520","targetHints":{"allow":["GET"]}}],"collection":[{"href":"https:\/\/kmetija-kolar.si\/de\/wp-json\/wp\/v2\/pages"}],"about":[{"href":"https:\/\/kmetija-kolar.si\/de\/wp-json\/wp\/v2\/types\/page"}],"author":[{"embeddable":true,"href":"https:\/\/kmetija-kolar.si\/de\/wp-json\/wp\/v2\/users\/1"}],"replies":[{"embeddable":true,"href":"https:\/\/kmetija-kolar.si\/de\/wp-json\/wp\/v2\/comments?post=1520"}],"version-history":[{"count":7,"href":"https:\/\/kmetija-kolar.si\/de\/wp-json\/wp\/v2\/pages\/1520\/revisions"}],"predecessor-version":[{"id":1871,"href":"https:\/\/kmetija-kolar.si\/de\/wp-json\/wp\/v2\/pages\/1520\/revisions\/1871"}],"up":[{"embeddable":true,"href":"https:\/\/kmetija-kolar.si\/de\/wp-json\/wp\/v2\/pages\/1507"}],"wp:attachment":[{"href":"https:\/\/kmetija-kolar.si\/de\/wp-json\/wp\/v2\/media?parent=1520"}],"curies":[{"name":"wp","href":"https:\/\/api.w.org\/{rel}","templated":true}]}}